{"id":727,"date":"2022-05-09T15:26:24","date_gmt":"2022-05-09T13:26:24","guid":{"rendered":"https:\/\/www.nitenspharma.com\/?post_type=product&#038;p=727"},"modified":"2022-12-05T11:17:33","modified_gmt":"2022-12-05T10:17:33","slug":"biorevolt-rx-well-breast","status":"publish","type":"product","link":"https:\/\/www.nitenspharma.com\/en\/product\/biorevolt-rx-well-breast\/","title":{"rendered":"BIOREVOLT\u00ae RX WELL BREAST"},"content":{"rendered":"<p>Bioactive Cream for Firming <strong>Breast<\/strong> and <strong>D\u00e9collet\u00e9\u00a0<\/strong><\/p>\n","protected":false},"excerpt":{"rendered":"<p>This fine and fast-absorbing cream is enriched with a unique combination of bioactive natural ingredients (Biorevolt\u00ae Complex WB). The cream is suitable for refining the appearance of the d\u00e9collet\u00e9, reducing wrinkles and tightening the skin of the breast. The cream is also suitable for minimizing damage to the d\u00e9collet\u00e9 after prolonged sun explosion to sunlight.<\/p>\n","protected":false},"featured_media":778,"comment_status":"open","ping_status":"closed","template":"","meta":[],"product_cat":[35,33],"product_tag":[],"yoast_head":"<!-- This site is optimized with the Yoast SEO plugin v17.3 - https:\/\/yoast.com\/wordpress\/plugins\/seo\/ -->\n<title>BIOREVOLT\u00ae RX WELL BREAST - Nitens Pharma<\/title>\n<meta name=\"description\" content=\"The cream is suitable for refining the appearance of the d\u00e9collet\u00e9, reducing wrinkles and tightening the skin of the breast.\" \/>\n<meta name=\"robots\" content=\"index, follow, max-snippet:-1, max-image-preview:large, max-video-preview:-1\" \/>\n<link rel=\"canonical\" href=\"https:\/\/www.nitenspharma.com\/en\/product\/biorevolt-rx-well-breast\/\" \/>\n<meta property=\"og:locale\" content=\"en_US\" \/>\n<meta property=\"og:type\" content=\"article\" \/>\n<meta property=\"og:title\" content=\"BIOREVOLT\u00ae RX WELL BREAST - Nitens Pharma\" \/>\n<meta property=\"og:description\" content=\"The cream is suitable for refining the appearance of the d\u00e9collet\u00e9, reducing wrinkles and tightening the skin of the breast.\" \/>\n<meta property=\"og:url\" content=\"https:\/\/www.nitenspharma.com\/en\/product\/biorevolt-rx-well-breast\/\" \/>\n<meta property=\"og:site_name\" content=\"Nitens Pharma\" \/>\n<meta property=\"article:modified_time\" content=\"2022-12-05T10:17:33+00:00\" \/>\n<meta property=\"og:image\" content=\"https:\/\/www.nitenspharma.com\/wp-content\/uploads\/2022\/05\/Well_Breast.png\" \/>\n\t<meta property=\"og:image:width\" content=\"1024\" \/>\n\t<meta property=\"og:image:height\" content=\"1024\" \/>\n<meta name=\"twitter:card\" content=\"summary_large_image\" \/>\n<meta name=\"twitter:label1\" content=\"Est. reading time\" \/>\n\t<meta name=\"twitter:data1\" content=\"1 minute\" \/>\n<script type=\"application\/ld+json\" class=\"yoast-schema-graph\">{\"@context\":\"https:\/\/schema.org\",\"@graph\":[{\"@type\":\"WebSite\",\"@id\":\"https:\/\/www.nitenspharma.com\/#website\",\"url\":\"https:\/\/www.nitenspharma.com\/\",\"name\":\"Nitens Pharma\",\"description\":\"Trattamenti cosmeceutici per la salute di pelle e capelli\",\"potentialAction\":[{\"@type\":\"SearchAction\",\"target\":{\"@type\":\"EntryPoint\",\"urlTemplate\":\"https:\/\/www.nitenspharma.com\/?s={search_term_string}\"},\"query-input\":\"required name=search_term_string\"}],\"inLanguage\":\"en-US\"},{\"@type\":\"ImageObject\",\"@id\":\"https:\/\/www.nitenspharma.com\/en\/product\/biorevolt-rx-well-breast\/#primaryimage\",\"inLanguage\":\"en-US\",\"url\":\"https:\/\/www.nitenspharma.com\/wp-content\/uploads\/2022\/05\/Well_Breast.png\",\"contentUrl\":\"https:\/\/www.nitenspharma.com\/wp-content\/uploads\/2022\/05\/Well_Breast.png\",\"width\":1024,\"height\":1024},{\"@type\":\"WebPage\",\"@id\":\"https:\/\/www.nitenspharma.com\/en\/product\/biorevolt-rx-well-breast\/#webpage\",\"url\":\"https:\/\/www.nitenspharma.com\/en\/product\/biorevolt-rx-well-breast\/\",\"name\":\"BIOREVOLT\\u00ae RX WELL BREAST - Nitens Pharma\",\"isPartOf\":{\"@id\":\"https:\/\/www.nitenspharma.com\/#website\"},\"primaryImageOfPage\":{\"@id\":\"https:\/\/www.nitenspharma.com\/en\/product\/biorevolt-rx-well-breast\/#primaryimage\"},\"datePublished\":\"2022-05-09T13:26:24+00:00\",\"dateModified\":\"2022-12-05T10:17:33+00:00\",\"description\":\"The cream is suitable for refining the appearance of the d\\u00e9collet\\u00e9, reducing wrinkles and tightening the skin of the breast.\",\"breadcrumb\":{\"@id\":\"https:\/\/www.nitenspharma.com\/en\/product\/biorevolt-rx-well-breast\/#breadcrumb\"},\"inLanguage\":\"en-US\",\"potentialAction\":[{\"@type\":\"ReadAction\",\"target\":[\"https:\/\/www.nitenspharma.com\/en\/product\/biorevolt-rx-well-breast\/\"]}]},{\"@type\":\"BreadcrumbList\",\"@id\":\"https:\/\/www.nitenspharma.com\/en\/product\/biorevolt-rx-well-breast\/#breadcrumb\",\"itemListElement\":[{\"@type\":\"ListItem\",\"position\":1,\"name\":\"Home\",\"item\":\"https:\/\/www.nitenspharma.com\/en\/\"},{\"@type\":\"ListItem\",\"position\":2,\"name\":\"Shop\",\"item\":\"https:\/\/www.nitenspharma.com\/en\/shop\/\"},{\"@type\":\"ListItem\",\"position\":3,\"name\":\"BIOREVOLT\\u00ae RX WELL BREAST\"}]}]}<\/script>\n<!-- \/ Yoast SEO plugin. -->","yoast_head_json":{"title":"BIOREVOLT\u00ae RX WELL BREAST - Nitens Pharma","description":"The cream is suitable for refining the appearance of the d\u00e9collet\u00e9, reducing wrinkles and tightening the skin of the breast.","robots":{"index":"index","follow":"follow","max-snippet":"max-snippet:-1","max-image-preview":"max-image-preview:large","max-video-preview":"max-video-preview:-1"},"canonical":"https:\/\/www.nitenspharma.com\/en\/product\/biorevolt-rx-well-breast\/","og_locale":"en_US","og_type":"article","og_title":"BIOREVOLT\u00ae RX WELL BREAST - Nitens Pharma","og_description":"The cream is suitable for refining the appearance of the d\u00e9collet\u00e9, reducing wrinkles and tightening the skin of the breast.","og_url":"https:\/\/www.nitenspharma.com\/en\/product\/biorevolt-rx-well-breast\/","og_site_name":"Nitens Pharma","article_modified_time":"2022-12-05T10:17:33+00:00","og_image":[{"width":1024,"height":1024,"url":"https:\/\/www.nitenspharma.com\/wp-content\/uploads\/2022\/05\/Well_Breast.png","type":"image\/png"}],"twitter_card":"summary_large_image","twitter_misc":{"Est. reading time":"1 minute"},"schema":{"@context":"https:\/\/schema.org","@graph":[{"@type":"WebSite","@id":"https:\/\/www.nitenspharma.com\/#website","url":"https:\/\/www.nitenspharma.com\/","name":"Nitens Pharma","description":"Trattamenti cosmeceutici per la salute di pelle e capelli","potentialAction":[{"@type":"SearchAction","target":{"@type":"EntryPoint","urlTemplate":"https:\/\/www.nitenspharma.com\/?s={search_term_string}"},"query-input":"required name=search_term_string"}],"inLanguage":"en-US"},{"@type":"ImageObject","@id":"https:\/\/www.nitenspharma.com\/en\/product\/biorevolt-rx-well-breast\/#primaryimage","inLanguage":"en-US","url":"https:\/\/www.nitenspharma.com\/wp-content\/uploads\/2022\/05\/Well_Breast.png","contentUrl":"https:\/\/www.nitenspharma.com\/wp-content\/uploads\/2022\/05\/Well_Breast.png","width":1024,"height":1024},{"@type":"WebPage","@id":"https:\/\/www.nitenspharma.com\/en\/product\/biorevolt-rx-well-breast\/#webpage","url":"https:\/\/www.nitenspharma.com\/en\/product\/biorevolt-rx-well-breast\/","name":"BIOREVOLT\u00ae RX WELL BREAST - Nitens Pharma","isPartOf":{"@id":"https:\/\/www.nitenspharma.com\/#website"},"primaryImageOfPage":{"@id":"https:\/\/www.nitenspharma.com\/en\/product\/biorevolt-rx-well-breast\/#primaryimage"},"datePublished":"2022-05-09T13:26:24+00:00","dateModified":"2022-12-05T10:17:33+00:00","description":"The cream is suitable for refining the appearance of the d\u00e9collet\u00e9, reducing wrinkles and tightening the skin of the breast.","breadcrumb":{"@id":"https:\/\/www.nitenspharma.com\/en\/product\/biorevolt-rx-well-breast\/#breadcrumb"},"inLanguage":"en-US","potentialAction":[{"@type":"ReadAction","target":["https:\/\/www.nitenspharma.com\/en\/product\/biorevolt-rx-well-breast\/"]}]},{"@type":"BreadcrumbList","@id":"https:\/\/www.nitenspharma.com\/en\/product\/biorevolt-rx-well-breast\/#breadcrumb","itemListElement":[{"@type":"ListItem","position":1,"name":"Home","item":"https:\/\/www.nitenspharma.com\/en\/"},{"@type":"ListItem","position":2,"name":"Shop","item":"https:\/\/www.nitenspharma.com\/en\/shop\/"},{"@type":"ListItem","position":3,"name":"BIOREVOLT\u00ae RX WELL BREAST"}]}]}},"_links":{"self":[{"href":"https:\/\/www.nitenspharma.com\/en\/wp-json\/wp\/v2\/product\/727"}],"collection":[{"href":"https:\/\/www.nitenspharma.com\/en\/wp-json\/wp\/v2\/product"}],"about":[{"href":"https:\/\/www.nitenspharma.com\/en\/wp-json\/wp\/v2\/types\/product"}],"replies":[{"embeddable":true,"href":"https:\/\/www.nitenspharma.com\/en\/wp-json\/wp\/v2\/comments?post=727"}],"wp:featuredmedia":[{"embeddable":true,"href":"https:\/\/www.nitenspharma.com\/en\/wp-json\/wp\/v2\/media\/778"}],"wp:attachment":[{"href":"https:\/\/www.nitenspharma.com\/en\/wp-json\/wp\/v2\/media?parent=727"}],"wp:term":[{"taxonomy":"product_cat","embeddable":true,"href":"https:\/\/www.nitenspharma.com\/en\/wp-json\/wp\/v2\/product_cat?post=727"},{"taxonomy":"product_tag","embeddable":true,"href":"https:\/\/www.nitenspharma.com\/en\/wp-json\/wp\/v2\/product_tag?post=727"}],"curies":[{"name":"wp","href":"https:\/\/api.w.org\/{rel}","templated":true}]}}